{"id":165,"date":"2023-06-01T10:49:40","date_gmt":"2023-06-01T10:49:40","guid":{"rendered":"https:\/\/ra-harthun.de\/?page_id=165"},"modified":"2026-03-18T13:21:56","modified_gmt":"2026-03-18T13:21:56","slug":"impressum","status":"publish","type":"page","link":"https:\/\/ra-harthun.de\/?page_id=165","title":{"rendered":"Impressum"},"content":{"rendered":"\t\t<div data-elementor-type=\"wp-post\" data-elementor-id=\"165\" class=\"elementor elementor-165\">\n\t\t\t\t\t\t\t\t\t<section class=\"elementor-section elementor-top-section elementor-element elementor-element-51902b22 elementor-section-height-min-height elementor-section-boxed elementor-section-height-default elementor-section-items-middle\" data-id=\"51902b22\" data-element_type=\"section\" data-settings=\"{&quot;background_background&quot;:&quot;classic&quot;,&quot;_ha_eqh_enable&quot;:false}\">\n\t\t\t\t\t\t<div class=\"elementor-container elementor-column-gap-default\">\n\t\t\t\t\t<div class=\"elementor-column elementor-col-100 elementor-top-column elementor-element elementor-element-278e0a63\" data-id=\"278e0a63\" data-element_type=\"column\">\n\t\t\t<div class=\"elementor-widget-wrap elementor-element-populated\">\n\t\t\t\t\t\t\t\t<div class=\"elementor-element elementor-element-24492149 elementor-widget elementor-widget-heading\" data-id=\"24492149\" data-element_type=\"widget\" data-widget_type=\"heading.default\">\n\t\t\t\t<div class=\"elementor-widget-container\">\n\t\t\t<style>\/*! elementor - v3.13.3 - 28-05-2023 *\/\n.elementor-heading-title{padding:0;margin:0;line-height:1}.elementor-widget-heading .elementor-heading-title[class*=elementor-size-]>a{color:inherit;font-size:inherit;line-height:inherit}.elementor-widget-heading .elementor-heading-title.elementor-size-small{font-size:15px}.elementor-widget-heading .elementor-heading-title.elementor-size-medium{font-size:19px}.elementor-widget-heading .elementor-heading-title.elementor-size-large{font-size:29px}.elementor-widget-heading .elementor-heading-title.elementor-size-xl{font-size:39px}.elementor-widget-heading .elementor-heading-title.elementor-size-xxl{font-size:59px}<\/style><h1 class=\"elementor-heading-title elementor-size-default\">Impressum<\/h1>\t\t<\/div>\n\t\t\t\t<\/div>\n\t\t\t\t\t<\/div>\n\t\t<\/div>\n\t\t\t\t\t\t\t<\/div>\n\t\t<\/section>\n\t\t\t\t<section class=\"elementor-section elementor-top-section elementor-element elementor-element-b59ee2b elementor-section-boxed elementor-section-height-default elementor-section-height-default\" data-id=\"b59ee2b\" data-element_type=\"section\" data-settings=\"{&quot;_ha_eqh_enable&quot;:false}\">\n\t\t\t\t\t\t<div class=\"elementor-container elementor-column-gap-default\">\n\t\t\t\t\t<div class=\"elementor-column elementor-col-100 elementor-top-column elementor-element elementor-element-7801ee5\" data-id=\"7801ee5\" data-element_type=\"column\">\n\t\t\t<div class=\"elementor-widget-wrap elementor-element-populated\">\n\t\t\t\t\t\t\t\t<div class=\"elementor-element elementor-element-c2186c5 elementor-widget elementor-widget-text-editor\" data-id=\"c2186c5\" data-element_type=\"widget\" data-widget_type=\"text-editor.default\">\n\t\t\t\t<div class=\"elementor-widget-container\">\n\t\t\t<style>\/*! elementor - v3.13.3 - 28-05-2023 *\/\n.elementor-widget-text-editor.elementor-drop-cap-view-stacked .elementor-drop-cap{background-color:#69727d;color:#fff}.elementor-widget-text-editor.elementor-drop-cap-view-framed .elementor-drop-cap{color:#69727d;border:3px solid;background-color:transparent}.elementor-widget-text-editor:not(.elementor-drop-cap-view-default) .elementor-drop-cap{margin-top:8px}.elementor-widget-text-editor:not(.elementor-drop-cap-view-default) .elementor-drop-cap-letter{width:1em;height:1em}.elementor-widget-text-editor .elementor-drop-cap{float:left;text-align:center;line-height:1;font-size:50px}.elementor-widget-text-editor .elementor-drop-cap-letter{display:inline-block}<\/style>\t\t\t\t<h2 id=\"head-impressum\">Impressum<\/h2><p>Kanzlei Harthun<\/p><p>Am Borsigturm 9<br \/>13507 Berlin-Tegel<\/p><p>Tel.: 030 439 73 54 &#8211; 0<br \/>E-Mail: info@ra-harthun.de<\/p><p><strong>Umsatzsteuer-Identifikationsnummer:<\/strong><br \/>DE315261512<\/p><p><strong>Inhaltlich verantwortlich:<\/strong><br \/>Kathleen Harthun, Am Borsigturm 9, 13507 Berlin-Tegel<\/p><p><strong>Berufshaftpflichtversicherung<\/strong>:<br \/>Allcura Versicherungs-AG<br \/>R\u00e4umlicher Geltungsbereich: Mitgliedsstaaten der Europ\u00e4ischen Union (EU)<\/p><p><strong>Berufsbezogene Angaben<\/strong>:<br \/>Gesetzliche Berufsbezeichnung: Rechtsanwalt<br \/>Berufsbezeichnung verliehen in: Bundesrepublik Deutschland<br \/>Zust\u00e4ndige Kammer Rechtsanwalt: Rechtsanwaltskammer Berlin, Littenstra\u00dfe 9, 10179 Berlin, Telefon: +49 30 306931-0, E-Mail: info@rak-berlin.org, Website: www.rak-berlin.de<\/p><p>Zust\u00e4ndige Kammer Notar: Notarkammer Berlin, Littenstra\u00dfe 10, 10179 Berlin, Mail: info@notarkammer-berlin.de, Website: www.notarkammer-berlin.de<\/p><p>ZUST\u00c4NDIGE AUFSICHTSBEH\u00d6RDEN GEM\u00c4\u00df \u00a7 92 BNotO:<\/p><ol><li>Pr\u00e4sident\/-in des Landgerichts Berlin II<br \/>Littenstra\u00dfe 12-17<br \/>10179 Berlin<\/li><li>Senatsverwaltung f\u00fcr Justiz und Verbraucherschutz<br \/>Salzburger Stra\u00dfe 21\u201325<br \/>10825 Berlin<\/li><\/ol><p>BERUFSRECHTLICHE REGELUNGEN F\u00dcR NOTARE<br \/>Die ma\u00dfgeblichen berufsrechtlichen Regelungen sind u.a. Bundesnotarordnung (BNotO), Beurkundungsgesetz (BeurkG), Dienstordnung f\u00fcr Notarinnen und Notare (DONot), Verordnung \u00fcber die F\u00fchrung notarieller Akten und Verzeichnisse (NotAktVV), Berufsrichtlinien der Notarkammer, Gerichts- und Notarkostengesetz (GNotKG). Sie finden diese unter\u00a0<a href=\"https:\/\/www.notar.de\/der-notar\/berufsrecht\">https:\/\/www.notar.de\/der-notar\/berufsrecht<\/a><\/p><p>BERUFSRECHTLICHE REGELUNGEN F\u00dcR RECHTSANW\u00c4LTE<br \/>Die ma\u00dfgeblichen berufsrechtlichen Regelungen sind u.a. die Bundesrechtsanwaltsordnung (BRAO), die Berufsordnung (BORA), die Fachanwaltsordnung (FAO), das Rechtsanwaltsverg\u00fctungsgesetz (RVG) und die Berufsregeln der Rechtsanw\u00e4lte der Europ\u00e4ischen Union (CCBE-Berufsregeln). Sie finden diese unter\u00a0<a href=\"https:\/\/www.brak.de\/fuer-anwaelte\/berufsrecht\/\">https:\/\/www.brak.de\/fuer-anwaelte\/berufsrecht<\/a><\/p><p>Es gelten die folgenden berufsrechtlichen Regelungen:<\/p><ul><li>Bundesrechtsanwaltsordnung (BRAO)<\/li><li>Fachanwaltsordnung (FO)<\/li><li>Rechtsanwaltsverg\u00fctungsgesetz (RVG)<\/li><li>Berufsordnung f\u00fcr Rechtsanw\u00e4lte (BORA)<\/li><li>Berufsregeln der Rechtsanw\u00e4lte der Europ\u00e4ischen Gemeinschaft (CCBE)<\/li><\/ul><p>Die vorstehenden Regelungen k\u00f6nnen eingesehen werden unter\u00a0<a href=\"http:\/\/www.brak.de\/\">http:\/\/www.brak.de\/<\/a>.<\/p><p><strong>Hinweis auf EU-Streitschlichtung:<\/strong><br \/>Wir sind verpflichtet Sie auf die M\u00f6glichkeit einer Streitschlichtung hinzuweisen. Hierf\u00fcr stellt die Europ\u00e4ische Kommission eine Plattform zur Online-Streitschlichtung (OS) bereit:\u00a0<a href=\"http:\/\/ec.europa.eu\/consumers\/odr\" target=\"_blank\" rel=\"nofollow noopener\">http:\/\/ec.europa.eu\/consumers\/odr<\/a>. Wir sind weder bereit noch verpflichtet, an einem Streitbeilegungsverfahren vor einer Verbraucherschlichtungsstelle teilzunehmen.<\/p><p><strong>HAFTUNGSAUSSCHLUSS<\/strong><br \/>Der Betreiber dieser Internet-Seite \u00fcbernimmt keine Haftung f\u00fcr Inhalte auf fremden Servern, auch wenn auf diese durch Link verwiesen wird oder wenn diese im Rahmen der Berichterstattung erw\u00e4hnt werden. Der Betreiber distanziert sich ausdr\u00fccklich von allen Inhalten, die gegen geltendes Recht oder die ethischen Grunds\u00e4tze versto\u00dfen. Namen und Bezeichnungen werden in der redaktionellen Berichterstattung ohne R\u00fccksicht und Hinweis auf eventuelle Schutzrechte Dritter verwendet. Sollten auf dieser Webseite Verletzungen des Urheberrechts (Copyright) irgendwelcher Art vorliegen, bitten wir, uns per E-Mail zu informieren.<\/p><p><strong>Video Startseite:<\/strong> 4k Time-lapse : Berlin Catherdral, <a style=\"font-size: 16px; background-color: #ffffff;\" role=\"button\" href=\"https:\/\/www.canva.com\/design\/DAGjZE7s6_0\/1ngI2e6b78qsT7JOdXZaGw\/edit?embeddedPage=home#\" data-anchor-id=\"author\">Mehr von Byjeng<\/a><span style=\"font-size: 16px;\">\u00a0von\u00a0<\/span><a style=\"font-size: 16px; background-color: #ffffff;\" role=\"button\" href=\"https:\/\/www.canva.com\/design\/DAGjZE7s6_0\/1ngI2e6b78qsT7JOdXZaGw\/edit?embeddedPage=home#\" data-anchor-id=\"brand\">Getty Images\u00a0<\/a><\/p>\t\t\t\t\t\t<\/div>\n\t\t\t\t<\/div>\n\t\t\t\t\t<\/div>\n\t\t<\/div>\n\t\t\t\t\t\t\t<\/div>\n\t\t<\/section>\n\t\t\t\t\t\t\t<\/div>\n\t\t","protected":false},"excerpt":{"rendered":"<p>Impressum Impressum Kanzlei Harthun Am Borsigturm 913507 Berlin-Tegel Tel.: 030 439 73 54 &#8211; 0E-Mail: info@ra-harthun.de Umsatzsteuer-Identifikationsnummer:DE315261512 Inhaltlich verantwortlich:Kathleen Harthun, Am Borsigturm 9, 13507 Berlin-Tegel Berufshaftpflichtversicherung:Allcura Versicherungs-AGR\u00e4umlicher Geltungsbereich: Mitgliedsstaaten der Europ\u00e4ischen Union (EU) Berufsbezogene Angaben:Gesetzliche Berufsbezeichnung: RechtsanwaltBerufsbezeichnung verliehen in: Bundesrepublik DeutschlandZust\u00e4ndige Kammer Rechtsanwalt: Rechtsanwaltskammer Berlin, Littenstra\u00dfe 9, 10179 Berlin, Telefon: +49 30 306931-0, E-Mail: info@rak-berlin.org, &hellip;<\/p>\n<p class=\"read-more\"> <a class=\"\" href=\"https:\/\/ra-harthun.de\/?page_id=165\"> <span class=\"screen-reader-text\">Impressum<\/span> Weiterlesen &raquo;<\/a><\/p>\n","protected":false},"author":1,"featured_media":0,"parent":0,"menu_order":0,"comment_status":"closed","ping_status":"closed","template":"elementor_header_footer","meta":{"site-sidebar-layout":"default","site-content-layout":"default","ast-global-header-display":"","ast-banner-title-visibility":"","ast-main-header-display":"","ast-hfb-above-header-display":"","ast-hfb-below-header-display":"","ast-hfb-mobile-header-display":"","site-post-title":"","ast-breadcrumbs-content":"","ast-featured-img":"","footer-sml-layout":"","theme-transparent-header-meta":"","adv-header-id-meta":"","stick-header-meta":"","header-above-stick-meta":"","header-main-stick-meta":"","header-below-stick-meta":""},"yoast_head":"<!-- This site is optimized with the Yoast SEO plugin v20.8 - https:\/\/yoast.com\/wordpress\/plugins\/seo\/ -->\n<title>Impressum - RA und Notarin Kathleen Harthun<\/title>\n<meta name=\"robots\" content=\"index, follow, max-snippet:-1, max-image-preview:large, max-video-preview:-1\" \/>\n<link rel=\"canonical\" href=\"https:\/\/ra-harthun.de\/?page_id=165\" \/>\n<meta property=\"og:locale\" content=\"de_DE\" \/>\n<meta property=\"og:type\" content=\"article\" \/>\n<meta property=\"og:title\" content=\"Impressum - RA und Notarin Kathleen Harthun\" \/>\n<meta property=\"og:description\" content=\"Impressum Impressum Kanzlei Harthun Am Borsigturm 913507 Berlin-Tegel Tel.: 030 439 73 54 &#8211; 0E-Mail: info@ra-harthun.de Umsatzsteuer-Identifikationsnummer:DE315261512 Inhaltlich verantwortlich:Kathleen Harthun, Am Borsigturm 9, 13507 Berlin-Tegel Berufshaftpflichtversicherung:Allcura Versicherungs-AGR\u00e4umlicher Geltungsbereich: Mitgliedsstaaten der Europ\u00e4ischen Union (EU) Berufsbezogene Angaben:Gesetzliche Berufsbezeichnung: RechtsanwaltBerufsbezeichnung verliehen in: Bundesrepublik DeutschlandZust\u00e4ndige Kammer Rechtsanwalt: Rechtsanwaltskammer Berlin, Littenstra\u00dfe 9, 10179 Berlin, Telefon: +49 30 306931-0, E-Mail: info@rak-berlin.org, &hellip; Impressum Weiterlesen &raquo;\" \/>\n<meta property=\"og:url\" content=\"https:\/\/ra-harthun.de\/?page_id=165\" \/>\n<meta property=\"og:site_name\" content=\"RA und Notarin Kathleen Harthun\" \/>\n<meta property=\"article:modified_time\" content=\"2026-03-18T13:21:56+00:00\" \/>\n<meta name=\"twitter:card\" content=\"summary_large_image\" \/>\n<meta name=\"twitter:label1\" content=\"Gesch\u00e4tzte Lesezeit\" \/>\n\t<meta name=\"twitter:data1\" content=\"2 Minuten\" \/>\n<script type=\"application\/ld+json\" class=\"yoast-schema-graph\">{\"@context\":\"https:\/\/schema.org\",\"@graph\":[{\"@type\":\"WebPage\",\"@id\":\"https:\/\/ra-harthun.de\/?page_id=165\",\"url\":\"https:\/\/ra-harthun.de\/?page_id=165\",\"name\":\"Impressum - RA und Notarin Kathleen Harthun\",\"isPartOf\":{\"@id\":\"https:\/\/ra-harthun.de\/#website\"},\"datePublished\":\"2023-06-01T10:49:40+00:00\",\"dateModified\":\"2026-03-18T13:21:56+00:00\",\"breadcrumb\":{\"@id\":\"https:\/\/ra-harthun.de\/?page_id=165#breadcrumb\"},\"inLanguage\":\"de-DE\",\"potentialAction\":[{\"@type\":\"ReadAction\",\"target\":[\"https:\/\/ra-harthun.de\/?page_id=165\"]}]},{\"@type\":\"BreadcrumbList\",\"@id\":\"https:\/\/ra-harthun.de\/?page_id=165#breadcrumb\",\"itemListElement\":[{\"@type\":\"ListItem\",\"position\":1,\"name\":\"Startseite\",\"item\":\"https:\/\/ra-harthun.de\/\"},{\"@type\":\"ListItem\",\"position\":2,\"name\":\"Impressum\"}]},{\"@type\":\"WebSite\",\"@id\":\"https:\/\/ra-harthun.de\/#website\",\"url\":\"https:\/\/ra-harthun.de\/\",\"name\":\"RA und Notarin Kathleen Harthun\",\"description\":\"Rechtsanwalt und Notar in Berlin\",\"publisher\":{\"@id\":\"https:\/\/ra-harthun.de\/#organization\"},\"potentialAction\":[{\"@type\":\"SearchAction\",\"target\":{\"@type\":\"EntryPoint\",\"urlTemplate\":\"https:\/\/ra-harthun.de\/?s={search_term_string}\"},\"query-input\":\"required name=search_term_string\"}],\"inLanguage\":\"de-DE\"},{\"@type\":\"Organization\",\"@id\":\"https:\/\/ra-harthun.de\/#organization\",\"name\":\"RA und Notarin Kathleen Harthun\",\"url\":\"https:\/\/ra-harthun.de\/\",\"logo\":{\"@type\":\"ImageObject\",\"inLanguage\":\"de-DE\",\"@id\":\"https:\/\/ra-harthun.de\/#\/schema\/logo\/image\/\",\"url\":\"https:\/\/ra-harthun.de\/wp-content\/uploads\/2023\/06\/Design-ohne-Titel-9.png\",\"contentUrl\":\"https:\/\/ra-harthun.de\/wp-content\/uploads\/2023\/06\/Design-ohne-Titel-9.png\",\"width\":500,\"height\":500,\"caption\":\"RA und Notarin Kathleen Harthun\"},\"image\":{\"@id\":\"https:\/\/ra-harthun.de\/#\/schema\/logo\/image\/\"}}]}<\/script>\n<!-- \/ Yoast SEO plugin. -->","yoast_head_json":{"title":"Impressum - RA und Notarin Kathleen Harthun","robots":{"index":"index","follow":"follow","max-snippet":"max-snippet:-1","max-image-preview":"max-image-preview:large","max-video-preview":"max-video-preview:-1"},"canonical":"https:\/\/ra-harthun.de\/?page_id=165","og_locale":"de_DE","og_type":"article","og_title":"Impressum - RA und Notarin Kathleen Harthun","og_description":"Impressum Impressum Kanzlei Harthun Am Borsigturm 913507 Berlin-Tegel Tel.: 030 439 73 54 &#8211; 0E-Mail: info@ra-harthun.de Umsatzsteuer-Identifikationsnummer:DE315261512 Inhaltlich verantwortlich:Kathleen Harthun, Am Borsigturm 9, 13507 Berlin-Tegel Berufshaftpflichtversicherung:Allcura Versicherungs-AGR\u00e4umlicher Geltungsbereich: Mitgliedsstaaten der Europ\u00e4ischen Union (EU) Berufsbezogene Angaben:Gesetzliche Berufsbezeichnung: RechtsanwaltBerufsbezeichnung verliehen in: Bundesrepublik DeutschlandZust\u00e4ndige Kammer Rechtsanwalt: Rechtsanwaltskammer Berlin, Littenstra\u00dfe 9, 10179 Berlin, Telefon: +49 30 306931-0, E-Mail: info@rak-berlin.org, &hellip; Impressum Weiterlesen &raquo;","og_url":"https:\/\/ra-harthun.de\/?page_id=165","og_site_name":"RA und Notarin Kathleen Harthun","article_modified_time":"2026-03-18T13:21:56+00:00","twitter_card":"summary_large_image","twitter_misc":{"Gesch\u00e4tzte Lesezeit":"2 Minuten"},"schema":{"@context":"https:\/\/schema.org","@graph":[{"@type":"WebPage","@id":"https:\/\/ra-harthun.de\/?page_id=165","url":"https:\/\/ra-harthun.de\/?page_id=165","name":"Impressum - RA und Notarin Kathleen Harthun","isPartOf":{"@id":"https:\/\/ra-harthun.de\/#website"},"datePublished":"2023-06-01T10:49:40+00:00","dateModified":"2026-03-18T13:21:56+00:00","breadcrumb":{"@id":"https:\/\/ra-harthun.de\/?page_id=165#breadcrumb"},"inLanguage":"de-DE","potentialAction":[{"@type":"ReadAction","target":["https:\/\/ra-harthun.de\/?page_id=165"]}]},{"@type":"BreadcrumbList","@id":"https:\/\/ra-harthun.de\/?page_id=165#breadcrumb","itemListElement":[{"@type":"ListItem","position":1,"name":"Startseite","item":"https:\/\/ra-harthun.de\/"},{"@type":"ListItem","position":2,"name":"Impressum"}]},{"@type":"WebSite","@id":"https:\/\/ra-harthun.de\/#website","url":"https:\/\/ra-harthun.de\/","name":"RA und Notarin Kathleen Harthun","description":"Rechtsanwalt und Notar in Berlin","publisher":{"@id":"https:\/\/ra-harthun.de\/#organization"},"potentialAction":[{"@type":"SearchAction","target":{"@type":"EntryPoint","urlTemplate":"https:\/\/ra-harthun.de\/?s={search_term_string}"},"query-input":"required name=search_term_string"}],"inLanguage":"de-DE"},{"@type":"Organization","@id":"https:\/\/ra-harthun.de\/#organization","name":"RA und Notarin Kathleen Harthun","url":"https:\/\/ra-harthun.de\/","logo":{"@type":"ImageObject","inLanguage":"de-DE","@id":"https:\/\/ra-harthun.de\/#\/schema\/logo\/image\/","url":"https:\/\/ra-harthun.de\/wp-content\/uploads\/2023\/06\/Design-ohne-Titel-9.png","contentUrl":"https:\/\/ra-harthun.de\/wp-content\/uploads\/2023\/06\/Design-ohne-Titel-9.png","width":500,"height":500,"caption":"RA und Notarin Kathleen Harthun"},"image":{"@id":"https:\/\/ra-harthun.de\/#\/schema\/logo\/image\/"}}]}},"_links":{"self":[{"href":"https:\/\/ra-harthun.de\/index.php?rest_route=\/wp\/v2\/pages\/165"}],"collection":[{"href":"https:\/\/ra-harthun.de\/index.php?rest_route=\/wp\/v2\/pages"}],"about":[{"href":"https:\/\/ra-harthun.de\/index.php?rest_route=\/wp\/v2\/types\/page"}],"author":[{"embeddable":true,"href":"https:\/\/ra-harthun.de\/index.php?rest_route=\/wp\/v2\/users\/1"}],"replies":[{"embeddable":true,"href":"https:\/\/ra-harthun.de\/index.php?rest_route=%2Fwp%2Fv2%2Fcomments&post=165"}],"version-history":[{"count":16,"href":"https:\/\/ra-harthun.de\/index.php?rest_route=\/wp\/v2\/pages\/165\/revisions"}],"predecessor-version":[{"id":270,"href":"https:\/\/ra-harthun.de\/index.php?rest_route=\/wp\/v2\/pages\/165\/revisions\/270"}],"wp:attachment":[{"href":"https:\/\/ra-harthun.de\/index.php?rest_route=%2Fwp%2Fv2%2Fmedia&parent=165"}],"curies":[{"name":"wp","href":"https:\/\/api.w.org\/{rel}","templated":true}]}}