{"id":170,"date":"2023-06-01T10:51:01","date_gmt":"2023-06-01T10:51:01","guid":{"rendered":"https:\/\/ra-harthun.de\/?page_id=170"},"modified":"2025-04-01T12:49:14","modified_gmt":"2025-04-01T12:49:14","slug":"datenschutzerklaerung","status":"publish","type":"page","link":"https:\/\/ra-harthun.de\/?page_id=170","title":{"rendered":"Datenschutzerkl\u00e4rung"},"content":{"rendered":"\t\t<div data-elementor-type=\"wp-post\" data-elementor-id=\"170\" class=\"elementor elementor-170\">\n\t\t\t\t\t\t\t\t\t<section class=\"elementor-section elementor-top-section elementor-element elementor-element-51902b22 elementor-section-height-min-height elementor-section-boxed elementor-section-height-default elementor-section-items-middle\" data-id=\"51902b22\" data-element_type=\"section\" data-settings=\"{&quot;background_background&quot;:&quot;classic&quot;,&quot;_ha_eqh_enable&quot;:false}\">\n\t\t\t\t\t\t<div class=\"elementor-container elementor-column-gap-default\">\n\t\t\t\t\t<div class=\"elementor-column elementor-col-100 elementor-top-column elementor-element elementor-element-278e0a63\" data-id=\"278e0a63\" data-element_type=\"column\">\n\t\t\t<div class=\"elementor-widget-wrap elementor-element-populated\">\n\t\t\t\t\t\t\t\t<div class=\"elementor-element elementor-element-24492149 elementor-widget elementor-widget-heading\" data-id=\"24492149\" data-element_type=\"widget\" data-widget_type=\"heading.default\">\n\t\t\t\t<div class=\"elementor-widget-container\">\n\t\t\t<style>\/*! elementor - v3.13.3 - 28-05-2023 *\/\n.elementor-heading-title{padding:0;margin:0;line-height:1}.elementor-widget-heading .elementor-heading-title[class*=elementor-size-]>a{color:inherit;font-size:inherit;line-height:inherit}.elementor-widget-heading .elementor-heading-title.elementor-size-small{font-size:15px}.elementor-widget-heading .elementor-heading-title.elementor-size-medium{font-size:19px}.elementor-widget-heading .elementor-heading-title.elementor-size-large{font-size:29px}.elementor-widget-heading .elementor-heading-title.elementor-size-xl{font-size:39px}.elementor-widget-heading .elementor-heading-title.elementor-size-xxl{font-size:59px}<\/style><h1 class=\"elementor-heading-title elementor-size-default\">Datenschutzerkl\u00e4rung<\/h1>\t\t<\/div>\n\t\t\t\t<\/div>\n\t\t\t\t\t<\/div>\n\t\t<\/div>\n\t\t\t\t\t\t\t<\/div>\n\t\t<\/section>\n\t\t\t\t<section class=\"elementor-section elementor-top-section elementor-element elementor-element-b59ee2b elementor-section-boxed elementor-section-height-default elementor-section-height-default\" data-id=\"b59ee2b\" data-element_type=\"section\" data-settings=\"{&quot;_ha_eqh_enable&quot;:false}\">\n\t\t\t\t\t\t<div class=\"elementor-container elementor-column-gap-default\">\n\t\t\t\t\t<div class=\"elementor-column elementor-col-100 elementor-top-column elementor-element elementor-element-7801ee5\" data-id=\"7801ee5\" data-element_type=\"column\">\n\t\t\t<div class=\"elementor-widget-wrap elementor-element-populated\">\n\t\t\t\t\t\t\t\t<div class=\"elementor-element elementor-element-c2186c5 elementor-widget elementor-widget-text-editor\" data-id=\"c2186c5\" data-element_type=\"widget\" data-widget_type=\"text-editor.default\">\n\t\t\t\t<div class=\"elementor-widget-container\">\n\t\t\t<style>\/*! elementor - v3.13.3 - 28-05-2023 *\/\n.elementor-widget-text-editor.elementor-drop-cap-view-stacked .elementor-drop-cap{background-color:#69727d;color:#fff}.elementor-widget-text-editor.elementor-drop-cap-view-framed .elementor-drop-cap{color:#69727d;border:3px solid;background-color:transparent}.elementor-widget-text-editor:not(.elementor-drop-cap-view-default) .elementor-drop-cap{margin-top:8px}.elementor-widget-text-editor:not(.elementor-drop-cap-view-default) .elementor-drop-cap-letter{width:1em;height:1em}.elementor-widget-text-editor .elementor-drop-cap{float:left;text-align:center;line-height:1;font-size:50px}.elementor-widget-text-editor .elementor-drop-cap-letter{display:inline-block}<\/style>\t\t\t\t<div id=\"head-datenschutz\" class=\"container\"><h2>Datenschutzerkl\u00e4rung<\/h2><p>\u00a0<\/p><h3>I. Verantwortlicher<\/h3><p>Verantwortliche Stelle im Sinne der Datenschutzgrundverordnung (DSGVO) und des Bundesdatenschutzgesetz (BDSG) ist:<\/p><p>Name: Kanzlei Harthun<br \/>Vertreter: Kathleen Harthun<br \/>Anschrift: Am Borsigturm 9,<br \/>13507 Berlin-Tegel<br \/>Telefon: +49 30 264751080<br \/>E-Mail-Adresse: harthun@ra-harthun.de<\/p><h3>II. Allgemeines zur Datenverarbeitung<\/h3><p>(1) Die Verarbeitung von personenbezogenen Daten erfolgt grunds\u00e4tzlich nur, soweit dies zur Bereitstellung einer funktionsf\u00e4higen Website samt Inhalte und Leistungen erforderlich ist. Regelm\u00e4\u00dfig erfolgt eine Verarbeitung nur nach Einwilligung der betroffenen Person. Ausnahmsweise erfolgt eine Verarbeitung ohne Einwilligung der betroffenen Person, wenn dies aus tats\u00e4chlichen Gr\u00fcnden nicht m\u00f6glich und die Verarbeitung der Daten durch gesetzliche Vorschriften gestattet ist.<\/p><p>(2) Art. 6 Abs. 1 lit. a DSGVO dient als Rechtsgrundlage f\u00fcr die Verarbeitung personenbezogener Daten, soweit f\u00fcr Verarbeitungsvorg\u00e4nge personenbezogener Daten eine Einwilligung der betroffenen Person eingeholt wurde.<\/p><p>Art. 6 Abs. 1 lit. b DSGVO dient als Rechtsgrundlage f\u00fcr die Verarbeitung personenbezogener Daten, soweit dies zur Erf\u00fcllung eines Vertrages, dessen Vertragspartei die betroffene Person ist, erforderlich ist. Dies gilt auch f\u00fcr Verarbeitungsvorg\u00e4nge, die zur Durchf\u00fchrung vorvertraglicher Ma\u00dfnahmen erforderlich sind.<\/p><p>Art. 6 Abs. 1 lit. c DSGVO dient als Rechtsgrundlage f\u00fcr die Verarbeitung personenbezogener Daten, soweit eine Verarbeitung personenbezogener Daten zur Erf\u00fcllung einer rechtlichen Verpflichtung erforderlich ist, der das Unternehmen unterliegt.<\/p><p>Art. 6 Abs. 1 lit. f DSGVO dient als Rechtsgrundlage f\u00fcr die Verarbeitung personenbezogener Daten, soweit dies f\u00fcr die Verarbeitung zur Wahrung eines berechtigten Interesses des Unternehmens oder eines Dritten erforderlich ist und nicht die Interessen, Grundrechte und Grundfreiheiten des Betroffenen das erstgenannte Interesse \u00fcberwiegen.<\/p><p>(3) Die personenbezogenen Daten der betroffenen Person werden gel\u00f6scht oder gesperrt, sobald der Zweck der Speicherung entf\u00e4llt. Eine Speicherung kann dar\u00fcber hinaus dann erfolgen, wenn dies durch einschl\u00e4gige nationale oder europ\u00e4ische Vorschriften, vorgesehen wurde. Eine Sperrung oder L\u00f6schung der Daten erfolgt auch dann, wenn eine durch die genannten Normen vorgeschriebene Speicherfrist abl\u00e4uft, es sei denn, dass eine Erforderlichkeit zur weiteren Speicherung der Daten f\u00fcr einen Vertragsabschluss oder eine Vertragserf\u00fcllung besteht.<\/p><h3>III. Nutzung des Internetauftritts<\/h3><p>(1) Bei jedem Aufruf der Internetseite erfasst das System automatisiert Daten und Informationen vom Computersystem des aufrufenden Rechners.<\/p><p>Folgende Daten werden hierbei erhoben:<\/p><ol><li>IP-Adresse<\/li><li>Datum und Uhrzeit der Anfrage<\/li><li>Zeitzonendifferenz zur Greenwich Mean Time (GMT)<\/li><li>Inhalt der Internetseite<\/li><li>Zugriffsstatus (HTTP-Status)<\/li><li>\u00fcbertragene Datenmenge<\/li><li>Webbrowser<\/li><li>Sprache und Version des Browsers<\/li><li>Betriebssystem<\/li><li>Internetauftritt, von dem Sie auf den Internetauftritt gelangt sind<\/li><\/ol><p>Die Daten werden in den Logfiles des Systems gespeichert. Eine Speicherung dieser Daten zusammen mit anderen personenbezogenen Daten des Nutzers findet nicht statt.<\/p><p>(2) Rechtsgrundlage hierf\u00fcr ist Art. 6 Abs. 1 lit. f DSGVO.<\/p><p>(3) Die Erhebung und vor\u00fcbergehende Speicherung der IP-Adresse ist notwendig, um die Darstellung der Webseite auf Ihrem Endger\u00e4t zu erm\u00f6glichen. Hierf\u00fcr muss Ihre IP-Adresse f\u00fcr die Dauer des Besuchs der Webseite gespeichert werden. Eine Auswertung dieser Daten zu Marketingzwecken findet nicht statt.<\/p><p>(4) Die Daten werden gel\u00f6scht, wenn die jeweilige Sitzung beendet ist. Soweit diese Daten in Logfiles gespeichert werden, ist dies nach sp\u00e4testens sieben Tagen der Fall. Eine dar\u00fcberhinausgehende Speicherung ist m\u00f6glich. In diesem Fall werden die IP-Adressen der Nutzer gel\u00f6scht oder verfremdet, sodass eine Zuordnung des aufrufenden Clients nicht mehr m\u00f6glich ist.<\/p><p>(5) Die Erfassung der Daten zur Bereitstellung der Website und die Speicherung der Daten in Logfiles ist zur Bereitstellung des Internetauftritts zwingend erforderlich. Es besteht folglich keine Widerspruchsm\u00f6glichkeit.<\/p><h3>IV. Verwendung von Cookies<\/h3><p>(1) Der Internetauftritt verwendet Cookies. Bei Cookies handelt es sich um Textdateien, die im Internetbrowser bzw. vom Internetbrowser auf dem Computersystem des Nutzers gespeichert werden. Dieser Cookie enth\u00e4lt eine charakteristische Zeichenfolge, die eine eindeutige Identifizierung des Browsers beim erneuten Aufrufen des Internetauftritts erm\u00f6glicht. Cookies k\u00f6nnen keine Viren auf das Endger\u00e4t \u00fcbertragen oder selbst Programme ausf\u00fchren.<\/p><p>Cookies dienen dazu einen Internetauftritt nutzerfreundlicher zu gestalten. Einige Elemente des Internetauftritts erfordern es, dass der aufrufende Browser auch nach einem Seitenwechsel identifiziert werden kann.<\/p><p>Soweit Cookies nicht technisch notwendig sind, werden diese nur nach Einwilligung durch den Nutzer geladen.<\/p><p>Transiente Cookies werden automatisch gel\u00f6scht, wenn die Sitzung geschlossen wird. Dazu z\u00e4hlen unter anderem Session-Cookies, welche die sog. Session-ID speichern, anhand der verschiedene Anfragen des Webbrowsers der gemeinsamen Sitzung zugeordnet werden k\u00f6nnen.<\/p><p>Persistente Cookies werden automatisch nach einer vorgegebenen Speicherdauer gel\u00f6scht, die sich je nach Cookie unterscheiden kann. Die dazugeh\u00f6rigen Einstellungen k\u00f6nnen jederzeit in den Einstellungen des Webbrowsers gel\u00f6scht werden.<\/p><p>In den Cookies werden folgende Daten gespeichert:<\/p><ol><li>Log-In-Informationen<\/li><li>Spracheinstellungen<\/li><li>eingegebene Suchbegriffe<\/li><li>Anzahl der Aufrufe des Internetauftritts<\/li><li>Nutzung einzelner Funktionen des Internetauftritts<\/li><\/ol><p>(2) Die Rechtsgrundlage hierf\u00fcr ist Art. 6 Abs. 1 lit. f DSGVO.<\/p><p>(3) Der Zweck der Verwendung technisch notwendiger Cookies ist, die Nutzung von Websites f\u00fcr die Nutzer zu vereinfachen. Einige Funktionen des Internetauftritts k\u00f6nnen ohne den Einsatz von Cookies nicht angeboten werden. F\u00fcr diese ist es erforderlich, dass der Browser auch nach einem Seitenwechsel wiedererkannt wird.<\/p><p>Die durch technisch notwendige Cookies erhobenen Nutzerdaten werden nicht zur Erstellung von Nutzerprofilen verwendet.<\/p><p>(4) Cookies werden auf dem Rechner des Nutzers gespeichert und von diesem an unserer Seite \u00fcbermittelt. Daher haben Sie als Nutzer auch die volle Kontrolle \u00fcber die Verwendung von Cookies. Durch eine \u00c4nderung der Einstellungen in Ihrem Internetbrowser k\u00f6nnen Sie die \u00dcbertragung von Cookies deaktivieren oder einschr\u00e4nken. Bereits gespeicherte Cookies k\u00f6nnen jederzeit gel\u00f6scht werden. Dies kann auch automatisiert erfolgen. Werden Cookies f\u00fcr unsere Website deaktiviert, k\u00f6nnen m\u00f6glicherweise nicht mehr alle Funktionen der Website vollumf\u00e4nglich genutzt werden.<\/p><h3>V. Verschl\u00fcsselte Daten\u00fcbertragung<\/h3><p>Alle Daten werden via TLS-Technologie \u00fcber eine verschl\u00fcsselte Verbindung \u00fcbertragen. Das hierf\u00fcr ben\u00f6tigte Zertifikat, das auf den Servern installiert ist, wurde von einer unabh\u00e4ngigen Organisation ausgestellt.<\/p><p>Eine verschl\u00fcsselte Verbindung erkennt man daran, dass die Adresszeile des Browsers von http:\/\/ auf https:\/\/ wechselt.<\/p><p>Sobald die verschl\u00fcsselte TLS-Verbindung hergestellt ist, k\u00f6nnen Ihre Eingaben, welche Sie an die Website \u00fcbermitteln, nicht mehr von Dritten gelesen werden.<\/p><\/div><footer id=\"footer\" class=\"footer footer-white footer-big\" data-bgimg=\" https:\/\/maps.googleapis.com\/maps\/api\/staticmap?center=52.58354191714508,13.286567269597143&amp;zoom=15&amp;size=640x300&amp;scale=2&amp;maptype=roadmap&amp;markers=color:0x017189%7C52.58354191714508,13.283567269597143&amp;key=AIzaSyDIeD6xUMjPsrDlU89S1bV5oXp22ARBv-I&amp;style=element:geometry.fill%7Csaturation:-100&amp;style=element:geometry.stroke%7Csaturation:-100&amp;style=element:labels.icon%7Csaturation:-100&amp;style=element:labels.text%7Csaturation:-100&amp;style=element:labels.text.fill%7Csaturation:-100&amp;style=element:labels.text.stroke%7Csaturation:-100 \"><div class=\"container\"><div class=\"content\"><div class=\"row\"><div id=\"footerinfo\" class=\"col-lg-4 col-md-6\"><p class=\"h2\">\u00a0<\/p><\/div><\/div><\/div><\/div><\/footer>\t\t\t\t\t\t<\/div>\n\t\t\t\t<\/div>\n\t\t\t\t\t<\/div>\n\t\t<\/div>\n\t\t\t\t\t\t\t<\/div>\n\t\t<\/section>\n\t\t\t\t\t\t\t<\/div>\n\t\t","protected":false},"excerpt":{"rendered":"<p>Datenschutzerkl\u00e4rung Datenschutzerkl\u00e4rung \u00a0 I. Verantwortlicher Verantwortliche Stelle im Sinne der Datenschutzgrundverordnung (DSGVO) und des Bundesdatenschutzgesetz (BDSG) ist: Name: Kanzlei HarthunVertreter: Kathleen HarthunAnschrift: Am Borsigturm 9,13507 Berlin-TegelTelefon: +49 30 264751080E-Mail-Adresse: harthun@ra-harthun.de II. Allgemeines zur Datenverarbeitung (1) Die Verarbeitung von personenbezogenen Daten erfolgt grunds\u00e4tzlich nur, soweit dies zur Bereitstellung einer funktionsf\u00e4higen Website samt Inhalte und Leistungen erforderlich &hellip;<\/p>\n<p class=\"read-more\"> <a class=\"\" href=\"https:\/\/ra-harthun.de\/?page_id=170\"> <span class=\"screen-reader-text\">Datenschutzerkl\u00e4rung<\/span> Weiterlesen &raquo;<\/a><\/p>\n","protected":false},"author":1,"featured_media":0,"parent":0,"menu_order":0,"comment_status":"closed","ping_status":"closed","template":"elementor_header_footer","meta":{"site-sidebar-layout":"default","site-content-layout":"default","ast-global-header-display":"","ast-banner-title-visibility":"","ast-main-header-display":"","ast-hfb-above-header-display":"","ast-hfb-below-header-display":"","ast-hfb-mobile-header-display":"","site-post-title":"","ast-breadcrumbs-content":"","ast-featured-img":"","footer-sml-layout":"","theme-transparent-header-meta":"","adv-header-id-meta":"","stick-header-meta":"","header-above-stick-meta":"","header-main-stick-meta":"","header-below-stick-meta":""},"yoast_head":"<!-- This site is optimized with the Yoast SEO plugin v20.8 - https:\/\/yoast.com\/wordpress\/plugins\/seo\/ -->\n<title>Datenschutzerkl\u00e4rung - RA und Notarin Kathleen Harthun<\/title>\n<meta name=\"robots\" content=\"index, follow, max-snippet:-1, max-image-preview:large, max-video-preview:-1\" \/>\n<link rel=\"canonical\" href=\"https:\/\/ra-harthun.de\/?page_id=170\" \/>\n<meta property=\"og:locale\" content=\"de_DE\" \/>\n<meta property=\"og:type\" content=\"article\" \/>\n<meta property=\"og:title\" content=\"Datenschutzerkl\u00e4rung - RA und Notarin Kathleen Harthun\" \/>\n<meta property=\"og:description\" content=\"Datenschutzerkl\u00e4rung Datenschutzerkl\u00e4rung \u00a0 I. Verantwortlicher Verantwortliche Stelle im Sinne der Datenschutzgrundverordnung (DSGVO) und des Bundesdatenschutzgesetz (BDSG) ist: Name: Kanzlei HarthunVertreter: Kathleen HarthunAnschrift: Am Borsigturm 9,13507 Berlin-TegelTelefon: +49 30 264751080E-Mail-Adresse: harthun@ra-harthun.de II. Allgemeines zur Datenverarbeitung (1) Die Verarbeitung von personenbezogenen Daten erfolgt grunds\u00e4tzlich nur, soweit dies zur Bereitstellung einer funktionsf\u00e4higen Website samt Inhalte und Leistungen erforderlich &hellip; Datenschutzerkl\u00e4rung Weiterlesen &raquo;\" \/>\n<meta property=\"og:url\" content=\"https:\/\/ra-harthun.de\/?page_id=170\" \/>\n<meta property=\"og:site_name\" content=\"RA und Notarin Kathleen Harthun\" \/>\n<meta property=\"article:modified_time\" content=\"2025-04-01T12:49:14+00:00\" \/>\n<meta name=\"twitter:card\" content=\"summary_large_image\" \/>\n<meta name=\"twitter:label1\" content=\"Gesch\u00e4tzte Lesezeit\" \/>\n\t<meta name=\"twitter:data1\" content=\"6 Minuten\" \/>\n<script type=\"application\/ld+json\" class=\"yoast-schema-graph\">{\"@context\":\"https:\/\/schema.org\",\"@graph\":[{\"@type\":\"WebPage\",\"@id\":\"https:\/\/ra-harthun.de\/?page_id=170\",\"url\":\"https:\/\/ra-harthun.de\/?page_id=170\",\"name\":\"Datenschutzerkl\u00e4rung - RA und Notarin Kathleen Harthun\",\"isPartOf\":{\"@id\":\"https:\/\/ra-harthun.de\/#website\"},\"datePublished\":\"2023-06-01T10:51:01+00:00\",\"dateModified\":\"2025-04-01T12:49:14+00:00\",\"breadcrumb\":{\"@id\":\"https:\/\/ra-harthun.de\/?page_id=170#breadcrumb\"},\"inLanguage\":\"de-DE\",\"potentialAction\":[{\"@type\":\"ReadAction\",\"target\":[\"https:\/\/ra-harthun.de\/?page_id=170\"]}]},{\"@type\":\"BreadcrumbList\",\"@id\":\"https:\/\/ra-harthun.de\/?page_id=170#breadcrumb\",\"itemListElement\":[{\"@type\":\"ListItem\",\"position\":1,\"name\":\"Startseite\",\"item\":\"https:\/\/ra-harthun.de\/\"},{\"@type\":\"ListItem\",\"position\":2,\"name\":\"Datenschutzerkl\u00e4rung\"}]},{\"@type\":\"WebSite\",\"@id\":\"https:\/\/ra-harthun.de\/#website\",\"url\":\"https:\/\/ra-harthun.de\/\",\"name\":\"RA und Notarin Kathleen Harthun\",\"description\":\"Rechtsanwalt und Notar in Berlin\",\"publisher\":{\"@id\":\"https:\/\/ra-harthun.de\/#organization\"},\"potentialAction\":[{\"@type\":\"SearchAction\",\"target\":{\"@type\":\"EntryPoint\",\"urlTemplate\":\"https:\/\/ra-harthun.de\/?s={search_term_string}\"},\"query-input\":\"required name=search_term_string\"}],\"inLanguage\":\"de-DE\"},{\"@type\":\"Organization\",\"@id\":\"https:\/\/ra-harthun.de\/#organization\",\"name\":\"RA und Notarin Kathleen Harthun\",\"url\":\"https:\/\/ra-harthun.de\/\",\"logo\":{\"@type\":\"ImageObject\",\"inLanguage\":\"de-DE\",\"@id\":\"https:\/\/ra-harthun.de\/#\/schema\/logo\/image\/\",\"url\":\"https:\/\/ra-harthun.de\/wp-content\/uploads\/2023\/06\/Design-ohne-Titel-9.png\",\"contentUrl\":\"https:\/\/ra-harthun.de\/wp-content\/uploads\/2023\/06\/Design-ohne-Titel-9.png\",\"width\":500,\"height\":500,\"caption\":\"RA und Notarin Kathleen Harthun\"},\"image\":{\"@id\":\"https:\/\/ra-harthun.de\/#\/schema\/logo\/image\/\"}}]}<\/script>\n<!-- \/ Yoast SEO plugin. -->","yoast_head_json":{"title":"Datenschutzerkl\u00e4rung - RA und Notarin Kathleen Harthun","robots":{"index":"index","follow":"follow","max-snippet":"max-snippet:-1","max-image-preview":"max-image-preview:large","max-video-preview":"max-video-preview:-1"},"canonical":"https:\/\/ra-harthun.de\/?page_id=170","og_locale":"de_DE","og_type":"article","og_title":"Datenschutzerkl\u00e4rung - RA und Notarin Kathleen Harthun","og_description":"Datenschutzerkl\u00e4rung Datenschutzerkl\u00e4rung \u00a0 I. Verantwortlicher Verantwortliche Stelle im Sinne der Datenschutzgrundverordnung (DSGVO) und des Bundesdatenschutzgesetz (BDSG) ist: Name: Kanzlei HarthunVertreter: Kathleen HarthunAnschrift: Am Borsigturm 9,13507 Berlin-TegelTelefon: +49 30 264751080E-Mail-Adresse: harthun@ra-harthun.de II. Allgemeines zur Datenverarbeitung (1) Die Verarbeitung von personenbezogenen Daten erfolgt grunds\u00e4tzlich nur, soweit dies zur Bereitstellung einer funktionsf\u00e4higen Website samt Inhalte und Leistungen erforderlich &hellip; Datenschutzerkl\u00e4rung Weiterlesen &raquo;","og_url":"https:\/\/ra-harthun.de\/?page_id=170","og_site_name":"RA und Notarin Kathleen Harthun","article_modified_time":"2025-04-01T12:49:14+00:00","twitter_card":"summary_large_image","twitter_misc":{"Gesch\u00e4tzte Lesezeit":"6 Minuten"},"schema":{"@context":"https:\/\/schema.org","@graph":[{"@type":"WebPage","@id":"https:\/\/ra-harthun.de\/?page_id=170","url":"https:\/\/ra-harthun.de\/?page_id=170","name":"Datenschutzerkl\u00e4rung - RA und Notarin Kathleen Harthun","isPartOf":{"@id":"https:\/\/ra-harthun.de\/#website"},"datePublished":"2023-06-01T10:51:01+00:00","dateModified":"2025-04-01T12:49:14+00:00","breadcrumb":{"@id":"https:\/\/ra-harthun.de\/?page_id=170#breadcrumb"},"inLanguage":"de-DE","potentialAction":[{"@type":"ReadAction","target":["https:\/\/ra-harthun.de\/?page_id=170"]}]},{"@type":"BreadcrumbList","@id":"https:\/\/ra-harthun.de\/?page_id=170#breadcrumb","itemListElement":[{"@type":"ListItem","position":1,"name":"Startseite","item":"https:\/\/ra-harthun.de\/"},{"@type":"ListItem","position":2,"name":"Datenschutzerkl\u00e4rung"}]},{"@type":"WebSite","@id":"https:\/\/ra-harthun.de\/#website","url":"https:\/\/ra-harthun.de\/","name":"RA und Notarin Kathleen Harthun","description":"Rechtsanwalt und Notar in Berlin","publisher":{"@id":"https:\/\/ra-harthun.de\/#organization"},"potentialAction":[{"@type":"SearchAction","target":{"@type":"EntryPoint","urlTemplate":"https:\/\/ra-harthun.de\/?s={search_term_string}"},"query-input":"required name=search_term_string"}],"inLanguage":"de-DE"},{"@type":"Organization","@id":"https:\/\/ra-harthun.de\/#organization","name":"RA und Notarin Kathleen Harthun","url":"https:\/\/ra-harthun.de\/","logo":{"@type":"ImageObject","inLanguage":"de-DE","@id":"https:\/\/ra-harthun.de\/#\/schema\/logo\/image\/","url":"https:\/\/ra-harthun.de\/wp-content\/uploads\/2023\/06\/Design-ohne-Titel-9.png","contentUrl":"https:\/\/ra-harthun.de\/wp-content\/uploads\/2023\/06\/Design-ohne-Titel-9.png","width":500,"height":500,"caption":"RA und Notarin Kathleen Harthun"},"image":{"@id":"https:\/\/ra-harthun.de\/#\/schema\/logo\/image\/"}}]}},"_links":{"self":[{"href":"https:\/\/ra-harthun.de\/index.php?rest_route=\/wp\/v2\/pages\/170"}],"collection":[{"href":"https:\/\/ra-harthun.de\/index.php?rest_route=\/wp\/v2\/pages"}],"about":[{"href":"https:\/\/ra-harthun.de\/index.php?rest_route=\/wp\/v2\/types\/page"}],"author":[{"embeddable":true,"href":"https:\/\/ra-harthun.de\/index.php?rest_route=\/wp\/v2\/users\/1"}],"replies":[{"embeddable":true,"href":"https:\/\/ra-harthun.de\/index.php?rest_route=%2Fwp%2Fv2%2Fcomments&post=170"}],"version-history":[{"count":7,"href":"https:\/\/ra-harthun.de\/index.php?rest_route=\/wp\/v2\/pages\/170\/revisions"}],"predecessor-version":[{"id":247,"href":"https:\/\/ra-harthun.de\/index.php?rest_route=\/wp\/v2\/pages\/170\/revisions\/247"}],"wp:attachment":[{"href":"https:\/\/ra-harthun.de\/index.php?rest_route=%2Fwp%2Fv2%2Fmedia&parent=170"}],"curies":[{"name":"wp","href":"https:\/\/api.w.org\/{rel}","templated":true}]}}